{"id":5011,"date":"2022-06-07T16:33:04","date_gmt":"2022-06-07T14:33:04","guid":{"rendered":"https:\/\/www.baltaci.cz\/nemovitosti\/komercni-prostory\/"},"modified":"2022-11-30T16:33:21","modified_gmt":"2022-11-30T15:33:21","slug":"commercial-properties","status":"publish","type":"page","link":"https:\/\/www.baltaci.cz\/en\/properties\/commercial-properties\/","title":{"rendered":"Commercial properties (offices)"},"content":{"rendered":"","protected":false},"excerpt":{"rendered":"","protected":false},"author":4,"featured_media":0,"parent":5009,"menu_order":2,"comment_status":"closed","ping_status":"closed","template":"template-enstablishment.php","meta":[],"acf":[],"yoast_head":"<!-- This site is optimized with the Yoast SEO plugin v17.0 - https:\/\/yoast.com\/wordpress\/plugins\/seo\/ -->\n<meta name=\"robots\" content=\"index, follow, max-snippet:-1, max-image-preview:large, max-video-preview:-1\" \/>\n<link rel=\"canonical\" href=\"https:\/\/www.baltaci.cz\/en\/properties\/commercial-properties\/\" \/>\n<meta property=\"og:locale\" content=\"en_US\" \/>\n<meta property=\"og:type\" content=\"article\" \/>\n<meta property=\"og:title\" content=\"Commercial properties (offices) - Baltaci\" \/>\n<meta property=\"og:url\" content=\"https:\/\/www.baltaci.cz\/en\/properties\/commercial-properties\/\" \/>\n<meta property=\"og:site_name\" content=\"Baltaci\" \/>\n<meta property=\"article:modified_time\" content=\"2022-11-30T15:33:21+00:00\" \/>\n<meta name=\"twitter:card\" content=\"summary_large_image\" \/>\n<script type=\"application\/ld+json\" class=\"yoast-schema-graph\">{\"@context\":\"https:\/\/schema.org\",\"@graph\":[{\"@type\":\"WebSite\",\"@id\":\"https:\/\/www.baltaci.cz\/#website\",\"url\":\"https:\/\/www.baltaci.cz\/\",\"name\":\"Baltaci\",\"description\":\"Dal\\u0161\\u00ed web pou\\u017e\\u00edvaj\\u00edc\\u00ed WordPress\",\"potentialAction\":[{\"@type\":\"SearchAction\",\"target\":{\"@type\":\"EntryPoint\",\"urlTemplate\":\"https:\/\/www.baltaci.cz\/?s={search_term_string}\"},\"query-input\":\"required name=search_term_string\"}],\"inLanguage\":\"en-US\"},{\"@type\":\"WebPage\",\"@id\":\"https:\/\/www.baltaci.cz\/en\/properties\/commercial-properties\/#webpage\",\"url\":\"https:\/\/www.baltaci.cz\/en\/properties\/commercial-properties\/\",\"name\":\"Commercial properties (offices) - Baltaci\",\"isPartOf\":{\"@id\":\"https:\/\/www.baltaci.cz\/#website\"},\"datePublished\":\"2022-06-07T14:33:04+00:00\",\"dateModified\":\"2022-11-30T15:33:21+00:00\",\"breadcrumb\":{\"@id\":\"https:\/\/www.baltaci.cz\/en\/properties\/commercial-properties\/#breadcrumb\"},\"inLanguage\":\"en-US\",\"potentialAction\":[{\"@type\":\"ReadAction\",\"target\":[\"https:\/\/www.baltaci.cz\/en\/properties\/commercial-properties\/\"]}]},{\"@type\":\"BreadcrumbList\",\"@id\":\"https:\/\/www.baltaci.cz\/en\/properties\/commercial-properties\/#breadcrumb\",\"itemListElement\":[{\"@type\":\"ListItem\",\"position\":1,\"name\":\"Dom\\u016f\",\"item\":\"https:\/\/www.baltaci.cz\/en\/\"},{\"@type\":\"ListItem\",\"position\":2,\"name\":\"Properties for rental\",\"item\":\"https:\/\/www.baltaci.cz\/en\/properties\/\"},{\"@type\":\"ListItem\",\"position\":3,\"name\":\"Commercial properties (offices)\"}]}]}<\/script>\n<!-- \/ Yoast SEO plugin. -->","yoast_head_json":{"robots":{"index":"index","follow":"follow","max-snippet":"max-snippet:-1","max-image-preview":"max-image-preview:large","max-video-preview":"max-video-preview:-1"},"canonical":"https:\/\/www.baltaci.cz\/en\/properties\/commercial-properties\/","og_locale":"en_US","og_type":"article","og_title":"Commercial properties (offices) - Baltaci","og_url":"https:\/\/www.baltaci.cz\/en\/properties\/commercial-properties\/","og_site_name":"Baltaci","article_modified_time":"2022-11-30T15:33:21+00:00","twitter_card":"summary_large_image","schema":{"@context":"https:\/\/schema.org","@graph":[{"@type":"WebSite","@id":"https:\/\/www.baltaci.cz\/#website","url":"https:\/\/www.baltaci.cz\/","name":"Baltaci","description":"Dal\u0161\u00ed web pou\u017e\u00edvaj\u00edc\u00ed WordPress","potentialAction":[{"@type":"SearchAction","target":{"@type":"EntryPoint","urlTemplate":"https:\/\/www.baltaci.cz\/?s={search_term_string}"},"query-input":"required name=search_term_string"}],"inLanguage":"en-US"},{"@type":"WebPage","@id":"https:\/\/www.baltaci.cz\/en\/properties\/commercial-properties\/#webpage","url":"https:\/\/www.baltaci.cz\/en\/properties\/commercial-properties\/","name":"Commercial properties (offices) - Baltaci","isPartOf":{"@id":"https:\/\/www.baltaci.cz\/#website"},"datePublished":"2022-06-07T14:33:04+00:00","dateModified":"2022-11-30T15:33:21+00:00","breadcrumb":{"@id":"https:\/\/www.baltaci.cz\/en\/properties\/commercial-properties\/#breadcrumb"},"inLanguage":"en-US","potentialAction":[{"@type":"ReadAction","target":["https:\/\/www.baltaci.cz\/en\/properties\/commercial-properties\/"]}]},{"@type":"BreadcrumbList","@id":"https:\/\/www.baltaci.cz\/en\/properties\/commercial-properties\/#breadcrumb","itemListElement":[{"@type":"ListItem","position":1,"name":"Dom\u016f","item":"https:\/\/www.baltaci.cz\/en\/"},{"@type":"ListItem","position":2,"name":"Properties for rental","item":"https:\/\/www.baltaci.cz\/en\/properties\/"},{"@type":"ListItem","position":3,"name":"Commercial properties (offices)"}]}]}},"_links":{"self":[{"href":"https:\/\/www.baltaci.cz\/en\/wp-json\/wp\/v2\/pages\/5011"}],"collection":[{"href":"https:\/\/www.baltaci.cz\/en\/wp-json\/wp\/v2\/pages"}],"about":[{"href":"https:\/\/www.baltaci.cz\/en\/wp-json\/wp\/v2\/types\/page"}],"author":[{"embeddable":true,"href":"https:\/\/www.baltaci.cz\/en\/wp-json\/wp\/v2\/users\/4"}],"replies":[{"embeddable":true,"href":"https:\/\/www.baltaci.cz\/en\/wp-json\/wp\/v2\/comments?post=5011"}],"version-history":[{"count":3,"href":"https:\/\/www.baltaci.cz\/en\/wp-json\/wp\/v2\/pages\/5011\/revisions"}],"predecessor-version":[{"id":8029,"href":"https:\/\/www.baltaci.cz\/en\/wp-json\/wp\/v2\/pages\/5011\/revisions\/8029"}],"up":[{"embeddable":true,"href":"https:\/\/www.baltaci.cz\/en\/wp-json\/wp\/v2\/pages\/5009"}],"wp:attachment":[{"href":"https:\/\/www.baltaci.cz\/en\/wp-json\/wp\/v2\/media?parent=5011"}],"curies":[{"name":"wp","href":"https:\/\/api.w.org\/{rel}","templated":true}]}}